{"id":2,"date":"2022-12-19T09:25:26","date_gmt":"2022-12-19T14:25:26","guid":{"rendered":"https:\/\/importationsbmt.com\/?page_id=2"},"modified":"2026-04-01T12:22:35","modified_gmt":"2026-04-01T16:22:35","slug":"accueil","status":"publish","type":"page","link":"https:\/\/importationsbmt.com\/fr\/","title":{"rendered":"Accueil"},"content":{"rendered":"\n<p>Ceci est une page d\u2019exemple. C\u2019est diff\u00e9rent d\u2019un article de blogue parce qu\u2019elle restera au m\u00eame endroit et appara\u00eetra dans la navigation de votre site (dans la plupart des th\u00e8mes). La plupart des gens commencent par une page \u00ab \u00c0 propos \u00bb qui les pr\u00e9sente aux visiteurs du site. Cela pourrait ressembler \u00e0 quelque chose comme ceci :<\/p>\n\n\n\n<blockquote class=\"wp-block-quote is-layout-flow wp-block-quote-is-layout-flow\"><p>Bonjour! Je suis un m\u00e9canicien qui aspire \u00e0 devenir acteur, et voici mon site. J\u2019habite \u00e0 Montr\u00e9al, j\u2019ai un super chien baptis\u00e9 Fido, et j\u2019aime le rhum-citron (ainsi qu\u2019\u00eatre surpris par la pluie soudaine lors de longues balades en for\u00eat au coucher du soleil).<\/p><\/blockquote>\n\n\n\n<p>&#8230; ou quelque chose comme ceci :<\/p>\n\n\n\n<blockquote class=\"wp-block-quote is-layout-flow wp-block-quote-is-layout-flow\"><p>La soci\u00e9t\u00e9 123 Patente Chose a \u00e9t\u00e9 cr\u00e9\u00e9e en 1971 et n\u2019a cess\u00e9 de proposer au public des machins-trucs de qualit\u00e9 depuis lors. Situ\u00e9e \u00e0 Saint-Glinglin-des-Meumeu, 123 Patente Chose emploie 2 000 personnes et fabrique toutes sortes de choses int\u00e9ressantes pour la communaut\u00e9 glinglinoise.<\/p><\/blockquote>\n\n\n\n<p>En tant que nouvel\u00b7le utilisateur\u00b7trice de WordPress, vous devriez consulter <a href=\"https:\/\/importationsbmt.com\/wp-admin\/\">votre tableau de bord<\/a> pour supprimer cette page et cr\u00e9er de nouvelles pages pour votre contenu. Amusez-vous bien!<\/p>\n","protected":false},"excerpt":{"rendered":"<p>Ceci est une page d\u2019exemple. C\u2019est diff\u00e9rent d\u2019un article de blogue parce qu\u2019elle restera au m\u00eame endroit et appara\u00eetra dans la navigation de votre site (dans la plupart des th\u00e8mes). [&hellip;]<\/p>\n","protected":false},"author":2,"featured_media":0,"parent":0,"menu_order":0,"comment_status":"closed","ping_status":"open","template":"page-templates\/template-frontpage.php","meta":{"_acf_changed":false,"footnotes":""},"class_list":["post-2","page","type-page","status-publish","hentry"],"acf":[],"yoast_head":"<!-- This site is optimized with the Yoast SEO plugin v27.4 - https:\/\/yoast.com\/product\/yoast-seo-wordpress\/ -->\n<title>BMT: agence d\u2019importation de vins &amp; spiritueux dans l\u2019Est Canadien<\/title>\n<meta name=\"description\" content=\"Une gamme riche et diversifi\u00e9e de vins et spiritueux \u00e0 travers le monde! Nous travaillons en toute transparence pour b\u00e2tir ensemble une strat\u00e9gie d\u2019exportation gagnante.\" \/>\n<meta name=\"robots\" content=\"index, follow, max-snippet:-1, max-image-preview:large, max-video-preview:-1\" \/>\n<link rel=\"canonical\" href=\"https:\/\/importationsbmt.com\/fr\/\" \/>\n<meta property=\"og:locale\" content=\"fr_FR\" \/>\n<meta property=\"og:type\" content=\"article\" \/>\n<meta property=\"og:title\" content=\"BMT: agence d\u2019importation de vins &amp; spiritueux dans l\u2019Est Canadien\" \/>\n<meta property=\"og:description\" content=\"Une gamme riche et diversifi\u00e9e de vins et spiritueux \u00e0 travers le monde! Nous travaillons en toute transparence pour b\u00e2tir ensemble une strat\u00e9gie d\u2019exportation gagnante.\" \/>\n<meta property=\"og:url\" content=\"https:\/\/importationsbmt.com\/fr\/\" \/>\n<meta property=\"og:site_name\" content=\"Bulles \u2219 mousse \u2219 tanins\" \/>\n<meta property=\"article:modified_time\" content=\"2026-04-01T16:22:35+00:00\" \/>\n<meta property=\"og:image\" content=\"https:\/\/importationsbmt.com\/wp-content\/uploads\/2023\/09\/Capture-decran-le-2023-09-18-a-15.20.26.png\" \/>\n\t<meta property=\"og:image:width\" content=\"278\" \/>\n\t<meta property=\"og:image:height\" content=\"194\" \/>\n\t<meta property=\"og:image:type\" content=\"image\/png\" \/>\n<meta name=\"twitter:card\" content=\"summary_large_image\" \/>\n<script type=\"application\/ld+json\" class=\"yoast-schema-graph\">{\"@context\":\"https:\\\/\\\/schema.org\",\"@graph\":[{\"@type\":\"WebPage\",\"@id\":\"https:\\\/\\\/importationsbmt.com\\\/fr\\\/\",\"url\":\"https:\\\/\\\/importationsbmt.com\\\/fr\\\/\",\"name\":\"BMT: agence d\u2019importation de vins & spiritueux dans l\u2019Est Canadien\",\"isPartOf\":{\"@id\":\"https:\\\/\\\/importationsbmt.com\\\/fr\\\/#website\"},\"datePublished\":\"2022-12-19T14:25:26+00:00\",\"dateModified\":\"2026-04-01T16:22:35+00:00\",\"description\":\"Une gamme riche et diversifi\u00e9e de vins et spiritueux \u00e0 travers le monde! Nous travaillons en toute transparence pour b\u00e2tir ensemble une strat\u00e9gie d\u2019exportation gagnante.\",\"breadcrumb\":{\"@id\":\"https:\\\/\\\/importationsbmt.com\\\/fr\\\/#breadcrumb\"},\"inLanguage\":\"fr-FR\",\"potentialAction\":[{\"@type\":\"ReadAction\",\"target\":[\"https:\\\/\\\/importationsbmt.com\\\/fr\\\/\"]}]},{\"@type\":\"BreadcrumbList\",\"@id\":\"https:\\\/\\\/importationsbmt.com\\\/fr\\\/#breadcrumb\",\"itemListElement\":[{\"@type\":\"ListItem\",\"position\":1,\"name\":\"Accueil\",\"item\":\"https:\\\/\\\/importationsbmt.com\\\/fr\\\/\"},{\"@type\":\"ListItem\",\"position\":2,\"name\":\"Accueil\"}]},{\"@type\":\"WebSite\",\"@id\":\"https:\\\/\\\/importationsbmt.com\\\/fr\\\/#website\",\"url\":\"https:\\\/\\\/importationsbmt.com\\\/fr\\\/\",\"name\":\"Bulles \u2219 mousse \u2219 tanins\",\"description\":\"\",\"potentialAction\":[{\"@type\":\"SearchAction\",\"target\":{\"@type\":\"EntryPoint\",\"urlTemplate\":\"https:\\\/\\\/importationsbmt.com\\\/fr\\\/?s={search_term_string}\"},\"query-input\":{\"@type\":\"PropertyValueSpecification\",\"valueRequired\":true,\"valueName\":\"search_term_string\"}}],\"inLanguage\":\"fr-FR\"}]}<\/script>\n<!-- \/ Yoast SEO plugin. -->","yoast_head_json":{"title":"BMT: agence d\u2019importation de vins & spiritueux dans l\u2019Est Canadien","description":"Une gamme riche et diversifi\u00e9e de vins et spiritueux \u00e0 travers le monde! Nous travaillons en toute transparence pour b\u00e2tir ensemble une strat\u00e9gie d\u2019exportation gagnante.","robots":{"index":"index","follow":"follow","max-snippet":"max-snippet:-1","max-image-preview":"max-image-preview:large","max-video-preview":"max-video-preview:-1"},"canonical":"https:\/\/importationsbmt.com\/fr\/","og_locale":"fr_FR","og_type":"article","og_title":"BMT: agence d\u2019importation de vins & spiritueux dans l\u2019Est Canadien","og_description":"Une gamme riche et diversifi\u00e9e de vins et spiritueux \u00e0 travers le monde! Nous travaillons en toute transparence pour b\u00e2tir ensemble une strat\u00e9gie d\u2019exportation gagnante.","og_url":"https:\/\/importationsbmt.com\/fr\/","og_site_name":"Bulles \u2219 mousse \u2219 tanins","article_modified_time":"2026-04-01T16:22:35+00:00","og_image":[{"width":278,"height":194,"url":"https:\/\/importationsbmt.com\/wp-content\/uploads\/2023\/09\/Capture-decran-le-2023-09-18-a-15.20.26.png","type":"image\/png"}],"twitter_card":"summary_large_image","schema":{"@context":"https:\/\/schema.org","@graph":[{"@type":"WebPage","@id":"https:\/\/importationsbmt.com\/fr\/","url":"https:\/\/importationsbmt.com\/fr\/","name":"BMT: agence d\u2019importation de vins & spiritueux dans l\u2019Est Canadien","isPartOf":{"@id":"https:\/\/importationsbmt.com\/fr\/#website"},"datePublished":"2022-12-19T14:25:26+00:00","dateModified":"2026-04-01T16:22:35+00:00","description":"Une gamme riche et diversifi\u00e9e de vins et spiritueux \u00e0 travers le monde! Nous travaillons en toute transparence pour b\u00e2tir ensemble une strat\u00e9gie d\u2019exportation gagnante.","breadcrumb":{"@id":"https:\/\/importationsbmt.com\/fr\/#breadcrumb"},"inLanguage":"fr-FR","potentialAction":[{"@type":"ReadAction","target":["https:\/\/importationsbmt.com\/fr\/"]}]},{"@type":"BreadcrumbList","@id":"https:\/\/importationsbmt.com\/fr\/#breadcrumb","itemListElement":[{"@type":"ListItem","position":1,"name":"Accueil","item":"https:\/\/importationsbmt.com\/fr\/"},{"@type":"ListItem","position":2,"name":"Accueil"}]},{"@type":"WebSite","@id":"https:\/\/importationsbmt.com\/fr\/#website","url":"https:\/\/importationsbmt.com\/fr\/","name":"Bulles \u2219 mousse \u2219 tanins","description":"","potentialAction":[{"@type":"SearchAction","target":{"@type":"EntryPoint","urlTemplate":"https:\/\/importationsbmt.com\/fr\/?s={search_term_string}"},"query-input":{"@type":"PropertyValueSpecification","valueRequired":true,"valueName":"search_term_string"}}],"inLanguage":"fr-FR"}]}},"_links":{"self":[{"href":"https:\/\/importationsbmt.com\/fr\/wp-json\/wp\/v2\/pages\/2","targetHints":{"allow":["GET"]}}],"collection":[{"href":"https:\/\/importationsbmt.com\/fr\/wp-json\/wp\/v2\/pages"}],"about":[{"href":"https:\/\/importationsbmt.com\/fr\/wp-json\/wp\/v2\/types\/page"}],"author":[{"embeddable":true,"href":"https:\/\/importationsbmt.com\/fr\/wp-json\/wp\/v2\/users\/2"}],"replies":[{"embeddable":true,"href":"https:\/\/importationsbmt.com\/fr\/wp-json\/wp\/v2\/comments?post=2"}],"version-history":[{"count":73,"href":"https:\/\/importationsbmt.com\/fr\/wp-json\/wp\/v2\/pages\/2\/revisions"}],"predecessor-version":[{"id":5342,"href":"https:\/\/importationsbmt.com\/fr\/wp-json\/wp\/v2\/pages\/2\/revisions\/5342"}],"wp:attachment":[{"href":"https:\/\/importationsbmt.com\/fr\/wp-json\/wp\/v2\/media?parent=2"}],"curies":[{"name":"wp","href":"https:\/\/api.w.org\/{rel}","templated":true}]}}